{"id":969,"date":"2022-06-28T09:42:44","date_gmt":"2022-06-28T09:42:44","guid":{"rendered":"https:\/\/demo.creativethemes.com\/elementor\/web-agency\/?page_id=969"},"modified":"2023-04-26T09:45:46","modified_gmt":"2023-04-26T12:45:46","slug":"about","status":"publish","type":"page","link":"https:\/\/sermelhorcadadia.com.br\/?page_id=969","title":{"rendered":"Sobre"},"content":{"rendered":"\t\t<div data-elementor-type=\"wp-page\" data-elementor-id=\"969\" class=\"elementor elementor-969\">\n\t\t\t\t\t\t\t<div class=\"elementor-element elementor-element-f742e27 e-con-boxed e-con\" data-id=\"f742e27\" data-element_type=\"container\" data-settings=\"{&quot;background_background&quot;:&quot;classic&quot;,&quot;content_width&quot;:&quot;boxed&quot;}\">\n\t\t\t\t\t<div class=\"e-con-inner\">\n\t\t<div class=\"elementor-element elementor-element-9823d01 e-con-boxed e-con\" data-id=\"9823d01\" data-element_type=\"container\" data-settings=\"{&quot;content_width&quot;:&quot;boxed&quot;}\">\n\t\t\t\t\t<div class=\"e-con-inner\">\n\t\t<div class=\"elementor-element elementor-element-9c814e7 e-con-full e-con\" data-id=\"9c814e7\" data-element_type=\"container\" data-settings=\"{&quot;content_width&quot;:&quot;full&quot;}\">\n\t\t\t\t<div class=\"elementor-element elementor-element-3368afa elementor-widget elementor-widget-text-editor\" data-id=\"3368afa\" data-element_type=\"widget\" data-widget_type=\"text-editor.default\">\n\t\t\t\t<div class=\"elementor-widget-container\">\n\t\t\t<style>\/*! elementor - v3.12.1 - 02-04-2023 *\/\n.elementor-widget-text-editor.elementor-drop-cap-view-stacked .elementor-drop-cap{background-color:#69727d;color:#fff}.elementor-widget-text-editor.elementor-drop-cap-view-framed .elementor-drop-cap{color:#69727d;border:3px solid;background-color:transparent}.elementor-widget-text-editor:not(.elementor-drop-cap-view-default) .elementor-drop-cap{margin-top:8px}.elementor-widget-text-editor:not(.elementor-drop-cap-view-default) .elementor-drop-cap-letter{width:1em;height:1em}.elementor-widget-text-editor .elementor-drop-cap{float:left;text-align:center;line-height:1;font-size:50px}.elementor-widget-text-editor .elementor-drop-cap-letter{display:inline-block}<\/style>\t\t\t\t<p>Nossa Miss\u00e3o<\/p>\t\t\t\t\t\t<\/div>\n\t\t\t\t<\/div>\n\t\t\t\t<div class=\"elementor-element elementor-element-f0aaf8c elementor-widget elementor-widget-heading\" data-id=\"f0aaf8c\" data-element_type=\"widget\" data-widget_type=\"heading.default\">\n\t\t\t\t<div class=\"elementor-widget-container\">\n\t\t\t<style>\/*! elementor - v3.12.1 - 02-04-2023 *\/\n.elementor-heading-title{padding:0;margin:0;line-height:1}.elementor-widget-heading .elementor-heading-title[class*=elementor-size-]>a{color:inherit;font-size:inherit;line-height:inherit}.elementor-widget-heading .elementor-heading-title.elementor-size-small{font-size:15px}.elementor-widget-heading .elementor-heading-title.elementor-size-medium{font-size:19px}.elementor-widget-heading .elementor-heading-title.elementor-size-large{font-size:29px}.elementor-widget-heading .elementor-heading-title.elementor-size-xl{font-size:39px}.elementor-widget-heading .elementor-heading-title.elementor-size-xxl{font-size:59px}<\/style><h2 class=\"elementor-heading-title elementor-size-default\">Transforme sua realidade um dia de cada vez<\/h2>\t\t<\/div>\n\t\t\t\t<\/div>\n\t\t\t\t<div class=\"elementor-element elementor-element-0382793 elementor-widget elementor-widget-text-editor\" data-id=\"0382793\" data-element_type=\"widget\" data-widget_type=\"text-editor.default\">\n\t\t\t\t<div class=\"elementor-widget-container\">\n\t\t\t\t\t\t\t<p>Nosso objetivo \u00e9 te ajudar com conte\u00fado de valor para que todos os dias voc\u00ea se lembre que tem a meta di\u00e1ria de ser uma pessoa melhor e aja proativamente para concretizar isso.<\/p>\t\t\t\t\t\t<\/div>\n\t\t\t\t<\/div>\n\t\t\t\t<div class=\"elementor-element elementor-element-a89c2a0 elementor-mobile-align-center elementor-widget elementor-widget-button\" data-id=\"a89c2a0\" data-element_type=\"widget\" data-widget_type=\"button.default\">\n\t\t\t\t<div class=\"elementor-widget-container\">\n\t\t\t\t\t<div class=\"elementor-button-wrapper\">\n\t\t\t<a href=\"#\" class=\"elementor-button-link elementor-button elementor-size-sm\" role=\"button\">\n\t\t\t\t\t\t<span class=\"elementor-button-content-wrapper\">\n\t\t\t\t\t\t<span class=\"elementor-button-text\">More Details<\/span>\n\t\t<\/span>\n\t\t\t\t\t<\/a>\n\t\t<\/div>\n\t\t\t\t<\/div>\n\t\t\t\t<\/div>\n\t\t\t\t<\/div>\n\t\t<div class=\"elementor-element elementor-element-c07df10 e-con-full e-con\" data-id=\"c07df10\" data-element_type=\"container\" data-settings=\"{&quot;content_width&quot;:&quot;full&quot;}\">\n\t\t\t\t<div class=\"elementor-element elementor-element-573d6c3 elementor-widget elementor-widget-text-editor\" data-id=\"573d6c3\" data-element_type=\"widget\" data-widget_type=\"text-editor.default\">\n\t\t\t\t<div class=\"elementor-widget-container\">\n\t\t\t\t\t\t\t\t\t\t\t\t\t<\/div>\n\t\t\t\t<\/div>\n\t\t\t\t<div class=\"elementor-element elementor-element-4ff6603 elementor-widget elementor-widget-image\" data-id=\"4ff6603\" data-element_type=\"widget\" data-widget_type=\"image.default\">\n\t\t\t\t<div class=\"elementor-widget-container\">\n\t\t\t<style>\/*! elementor - v3.12.1 - 02-04-2023 *\/\n.elementor-widget-image{text-align:center}.elementor-widget-image a{display:inline-block}.elementor-widget-image a img[src$=\".svg\"]{width:48px}.elementor-widget-image img{vertical-align:middle;display:inline-block}<\/style>\t\t\t\t\t\t\t\t\t\t\t\t<img decoding=\"async\" width=\"960\" height=\"540\" src=\"https:\/\/sermelhorcadadia.com.br\/wp-content\/uploads\/2023\/04\/imagem_2023-04-25_171452134.png\" class=\"attachment-large size-large wp-image-1469\" alt=\"\" loading=\"lazy\" srcset=\"https:\/\/sermelhorcadadia.com.br\/wp-content\/uploads\/2023\/04\/imagem_2023-04-25_171452134.png 960w, https:\/\/sermelhorcadadia.com.br\/wp-content\/uploads\/2023\/04\/imagem_2023-04-25_171452134-300x169.png 300w, https:\/\/sermelhorcadadia.com.br\/wp-content\/uploads\/2023\/04\/imagem_2023-04-25_171452134-768x432.png 768w, https:\/\/sermelhorcadadia.com.br\/wp-content\/uploads\/2023\/04\/imagem_2023-04-25_171452134-18x10.png 18w\" sizes=\"(max-width: 960px) 100vw, 960px\" \/>\t\t\t\t\t\t\t\t\t\t\t\t\t\t\t<\/div>\n\t\t\t\t<\/div>\n\t\t\t\t<\/div>\n\t\t\t\t\t<\/div>\n\t\t\t\t<\/div>\n\t\t<div class=\"elementor-element elementor-element-7879684 e-con-boxed e-con\" data-id=\"7879684\" data-element_type=\"container\" data-settings=\"{&quot;content_width&quot;:&quot;boxed&quot;}\">\n\t\t\t\t\t<div class=\"e-con-inner\">\n\t\t\t\t<div class=\"elementor-element elementor-element-7d30fb4 elementor-widget elementor-widget-heading\" data-id=\"7d30fb4\" data-element_type=\"widget\" data-widget_type=\"heading.default\">\n\t\t\t\t<div class=\"elementor-widget-container\">\n\t\t\t<h2 class=\"elementor-heading-title elementor-size-default\">\u00daltimas do Blog<\/h2>\t\t<\/div>\n\t\t\t\t<\/div>\n\t\t\t\t<div class=\"elementor-element elementor-element-aa09aec elementor-widget elementor-widget-text-editor\" data-id=\"aa09aec\" data-element_type=\"widget\" data-widget_type=\"text-editor.default\">\n\t\t\t\t<div class=\"elementor-widget-container\">\n\t\t\t\t\t\t\t<p>Confira nossos melhores artigos<\/p>\t\t\t\t\t\t<\/div>\n\t\t\t\t<\/div>\n\t\t\t\t<div class=\"elementor-element elementor-element-da50f76 elementor-widget elementor-widget-shortcode\" data-id=\"da50f76\" data-element_type=\"widget\" data-widget_type=\"shortcode.default\">\n\t\t\t\t<div class=\"elementor-widget-container\">\n\t\t\t\t\t<div class=\"elementor-shortcode\"><div class=\"ct-posts-shortcode\" data-prefix=\"blog\"><div class=\"entries\" data-archive=\"default\" data-layout=\"grid\" data-cards=\"boxed\"  data-hover=\"zoom-in\" ><article id=\"post-1526\" class=\"entry-card post-1526 post type-post status-publish format-standard has-post-thumbnail hentry category-reflexao\" ><a class=\"ct-image-container boundless-image\" href=\"https:\/\/sermelhorcadadia.com.br\/?p=1526\" aria-label=\"&#8220;Descubra por que ser um amigo verdadeiro \u00e9 essencial para uma vida plena e feliz&#8221;\" tabindex=\"-1\"><img width=\"600\" height=\"400\" src=\"https:\/\/sermelhorcadadia.com.br\/wp-content\/uploads\/2023\/04\/image-18.png\" class=\"attachment-medium_large size-medium_large wp-post-image\" alt=\"\" decoding=\"async\" loading=\"lazy\" srcset=\"https:\/\/sermelhorcadadia.com.br\/wp-content\/uploads\/2023\/04\/image-18.png 600w, https:\/\/sermelhorcadadia.com.br\/wp-content\/uploads\/2023\/04\/image-18-300x200.png 300w, https:\/\/sermelhorcadadia.com.br\/wp-content\/uploads\/2023\/04\/image-18-18x12.png 18w\" sizes=\"(max-width: 600px) 100vw, 600px\" itemprop=\"image\" style=\"aspect-ratio: 4\/3;\" \/><\/a><ul class=\"entry-meta\" data-type=\"simple:slash\"  ><li class=\"meta-categories\" data-type=\"pill\"><a href=\"https:\/\/sermelhorcadadia.com.br\/?cat=15\" rel=\"tag\" class=\"ct-term-15\" >Reflex\u00e3o<\/a><\/li><\/ul>\n\t<h2 class=\"entry-title\">\n\t\t<a href=\"https:\/\/sermelhorcadadia.com.br\/?p=1526\" rel=\"bookmark\">\n\t\t\t&#8220;Descubra por que ser um amigo verdadeiro \u00e9 essencial para uma vida plena e feliz&#8221;\t\t<\/a>\n\t<\/h2>\n\n\t<div class=\"entry-excerpt\" ><p>H\u00e1 muitos amigos por a\u00ed, mas encontrar um verdadeiro amigo ainda \u00e9 algo raro. Certa vez, enquanto alguns amigos\u2026<\/p>\n<\/div><\/article><article id=\"post-1521\" class=\"entry-card post-1521 post type-post status-publish format-standard has-post-thumbnail hentry category-lei-da-atracao\" ><a class=\"ct-image-container boundless-image\" href=\"https:\/\/sermelhorcadadia.com.br\/?p=1521\" aria-label=\"O melhor meio de amar a vida \u00e9 amar muitas coisas\" tabindex=\"-1\"><img width=\"768\" height=\"480\" src=\"https:\/\/sermelhorcadadia.com.br\/wp-content\/uploads\/2023\/04\/image-15-768x480.png\" class=\"attachment-medium_large size-medium_large wp-post-image\" alt=\"\" decoding=\"async\" loading=\"lazy\" srcset=\"https:\/\/sermelhorcadadia.com.br\/wp-content\/uploads\/2023\/04\/image-15-768x480.png 768w, https:\/\/sermelhorcadadia.com.br\/wp-content\/uploads\/2023\/04\/image-15-300x188.png 300w, https:\/\/sermelhorcadadia.com.br\/wp-content\/uploads\/2023\/04\/image-15-1024x640.png 1024w, https:\/\/sermelhorcadadia.com.br\/wp-content\/uploads\/2023\/04\/image-15-18x12.png 18w, https:\/\/sermelhorcadadia.com.br\/wp-content\/uploads\/2023\/04\/image-15.png 1200w\" sizes=\"(max-width: 768px) 100vw, 768px\" itemprop=\"image\" style=\"aspect-ratio: 4\/3;\" \/><\/a><ul class=\"entry-meta\" data-type=\"simple:slash\"  ><li class=\"meta-categories\" data-type=\"pill\"><a href=\"https:\/\/sermelhorcadadia.com.br\/?cat=14\" rel=\"tag\" class=\"ct-term-14\" >Lei da Atra\u00e7\u00e3o<\/a><\/li><\/ul>\n\t<h2 class=\"entry-title\">\n\t\t<a href=\"https:\/\/sermelhorcadadia.com.br\/?p=1521\" rel=\"bookmark\">\n\t\t\tO melhor meio de amar a vida \u00e9 amar muitas coisas\t\t<\/a>\n\t<\/h2>\n\n\t<div class=\"entry-excerpt\" ><p>O pintor Van Gogh disse: O melhor meio de amar a vida \u00e9 amar muitas coisas. Se voc\u00ea quiser\u2026<\/p>\n<\/div><\/article><article id=\"post-1516\" class=\"entry-card post-1516 post type-post status-publish format-standard has-post-thumbnail hentry category-lei-da-atracao\" ><a class=\"ct-image-container boundless-image\" href=\"https:\/\/sermelhorcadadia.com.br\/?p=1516\" aria-label=\"Abra espa\u00e7o para o bem em sua vida: Entenda a Lei do Recebimento e atraia o que deseja!\" tabindex=\"-1\"><img width=\"768\" height=\"432\" src=\"https:\/\/sermelhorcadadia.com.br\/wp-content\/uploads\/2023\/04\/image-12-768x432.png\" class=\"attachment-medium_large size-medium_large wp-post-image\" alt=\"\" decoding=\"async\" loading=\"lazy\" srcset=\"https:\/\/sermelhorcadadia.com.br\/wp-content\/uploads\/2023\/04\/image-12-768x432.png 768w, https:\/\/sermelhorcadadia.com.br\/wp-content\/uploads\/2023\/04\/image-12-300x169.png 300w, https:\/\/sermelhorcadadia.com.br\/wp-content\/uploads\/2023\/04\/image-12-1024x576.png 1024w, https:\/\/sermelhorcadadia.com.br\/wp-content\/uploads\/2023\/04\/image-12-1536x864.png 1536w, https:\/\/sermelhorcadadia.com.br\/wp-content\/uploads\/2023\/04\/image-12-18x10.png 18w, https:\/\/sermelhorcadadia.com.br\/wp-content\/uploads\/2023\/04\/image-12.png 1920w\" sizes=\"(max-width: 768px) 100vw, 768px\" itemprop=\"image\" style=\"aspect-ratio: 4\/3;\" \/><\/a><ul class=\"entry-meta\" data-type=\"simple:slash\"  ><li class=\"meta-categories\" data-type=\"pill\"><a href=\"https:\/\/sermelhorcadadia.com.br\/?cat=14\" rel=\"tag\" class=\"ct-term-14\" >Lei da Atra\u00e7\u00e3o<\/a><\/li><\/ul>\n\t<h2 class=\"entry-title\">\n\t\t<a href=\"https:\/\/sermelhorcadadia.com.br\/?p=1516\" rel=\"bookmark\">\n\t\t\tAbra espa\u00e7o para o bem em sua vida: Entenda a Lei do Recebimento e atraia o que deseja!\t\t<\/a>\n\t<\/h2>\n\n\t<div class=\"entry-excerpt\" ><p>A Lei do Recebimento \u00e9 uma ideia que se baseia na cren\u00e7a de que para receber algo em nossa\u2026<\/p>\n<\/div><\/article><\/div><\/div><\/div>\n\t\t\t\t<\/div>\n\t\t\t\t<\/div>\n\t\t\t\t\t<\/div>\n\t\t\t\t<\/div>\n\t\t\t\t\t<\/div>\n\t\t\t\t<\/div>\n\t\t\t\t\t\t\t<\/div>\n\t\t","protected":false},"excerpt":{"rendered":"<p>Nossa Miss\u00e3o Transforme sua realidade um dia de cada vez Nosso objetivo \u00e9 te ajudar com conte\u00fado de valor para que todos os dias voc\u00ea se lembre que tem a meta di\u00e1ria de ser uma pessoa melhor e aja proativamente para concretizar isso. More Details \u00daltimas do Blog Confira nossos melhores artigos<\/p>\n","protected":false},"author":1,"featured_media":0,"parent":0,"menu_order":0,"comment_status":"closed","ping_status":"closed","template":"","meta":{"content-type":""},"blocksy_meta":{"page_title_panel":"","has_hero_section":"disabled","6adf8427e3338cacf5ab2f524b7ef8b1":"","hero_section":"type-1","hero_elements":[{"id":"custom_title","enabled":true,"heading_tag":"h1","title":"Home"},{"id":"custom_description","enabled":true,"description_visibility":{"desktop":true,"tablet":true,"mobile":false}},{"id":"custom_meta","enabled":false,"meta_elements":[{"id":"author","enabled":true,"label":"By","has_author_avatar":"yes","avatar_size":25},{"id":"post_date","enabled":true,"label":"On","date_format_source":"default","date_format":"M j, Y"},{"id":"updated_date","enabled":false,"label":"On","date_format_source":"default","date_format":"M j, Y"},{"id":"categories","enabled":false,"label":"In","style":"simple"},{"id":"comments","enabled":true}],"page_meta_elements":{"joined":true,"articles_count":true,"comments":true}},{"id":"breadcrumbs","enabled":false}],"9741cca921386e11d73035f6d3788b1c":"","hero_alignment1":"CT_CSS_SKIP_RULE","hero_margin":40,"hero_alignment2":"center","hero_vertical_alignment":"center","7295e70143525a5f80712cda0789f708":"","hero_structure":"narrow","f28dfdaa4842de3933d4727cb207d2e1":"","page_title_bg_type":"featured_image","custom_hero_background":{"attachment_id":null},"page_title_image_size":"full","parallax":{"desktop":false,"tablet":false,"mobile":false},"5edf9deb27275997a5092861bfebae73":"","hero_height":"250px","pageTitleFont":{"family":"Default","variation":"Default","size":"30px","line-height":"CT_CSS_SKIP_RULE","letter-spacing":"CT_CSS_SKIP_RULE","text-transform":"CT_CSS_SKIP_RULE","text-decoration":"CT_CSS_SKIP_RULE"},"pageTitleFontColor":{"default":{"color":"CT_CSS_SKIP_RULEDEFAULT"}},"pageMetaFont":{"family":"Default","variation":"n6","size":"12px","line-height":"1.3","letter-spacing":"CT_CSS_SKIP_RULE","text-transform":"uppercase","text-decoration":"CT_CSS_SKIP_RULE"},"pageMetaFontColor":{"default":{"color":"CT_CSS_SKIP_RULEDEFAULT"},"hover":{"color":"CT_CSS_SKIP_RULEDEFAULT"}},"page_meta_button_type_font_colors":{"default":{"color":"CT_CSS_SKIP_RULEDEFAULT"},"hover":{"color":"CT_CSS_SKIP_RULEDEFAULT"}},"page_meta_button_type_background_colors":{"default":{"color":"CT_CSS_SKIP_RULEDEFAULT"},"hover":{"color":"CT_CSS_SKIP_RULEDEFAULT"}},"pageExcerptFont":{"family":"Default","variation":"Default","size":"CT_CSS_SKIP_RULE","line-height":"CT_CSS_SKIP_RULE","letter-spacing":"CT_CSS_SKIP_RULE","text-transform":"CT_CSS_SKIP_RULE","text-decoration":"CT_CSS_SKIP_RULE"},"pageExcerptColor":{"default":{"color":"CT_CSS_SKIP_RULEDEFAULT"}},"breadcrumbsFont":{"family":"Default","variation":"Default","size":"CT_CSS_SKIP_RULE","line-height":"CT_CSS_SKIP_RULE","letter-spacing":"CT_CSS_SKIP_RULE","text-transform":"CT_CSS_SKIP_RULE","text-decoration":"CT_CSS_SKIP_RULE"},"breadcrumbsFontColor":{"default":{"color":"CT_CSS_SKIP_RULEDEFAULT"},"initial":{"color":"CT_CSS_SKIP_RULEDEFAULT"},"hover":{"color":"CT_CSS_SKIP_RULEDEFAULT"}},"pageTitleOverlay":{"background_type":"color","background_pattern":"type-1","background_image":{"attachment_id":null,"x":0,"y":0},"gradient":"linear-gradient(135deg,rgba(6,147,227,1) 0%,rgb(155,81,224) 100%)","background_repeat":"repeat","background_size":"auto","background_attachment":"scroll","patternColor":{"default":{"color":"#e5e7ea"}},"overlayColor":{"default":{"color":"CT_CSS_SKIP_RULE"}},"backgroundColor":{"default":{"color":"CT_CSS_SKIP_RULE"}}},"pageTitleBackground":{"background_type":"color","background_pattern":"type-1","background_image":{"attachment_id":null,"x":0,"y":0},"gradient":"linear-gradient(135deg,rgba(6,147,227,1) 0%,rgb(155,81,224) 100%)","background_repeat":"repeat","background_size":"auto","background_attachment":"scroll","patternColor":{"default":{"color":"#e5e7ea"}},"overlayColor":{"default":{"color":"CT_CSS_SKIP_RULE"}},"backgroundColor":{"default":{"color":"var(--paletteColor6)"}}},"pageTitlePadding":{"top":"50px","bottom":"50px","left":"auto","right":"auto","linked":true},"1bb85a443599e4f3c9dda8cd1d52b4f8":"","page_structure_type":"default","858466f3ebd28086503780ff7f37f52f":"","content_style_source":"inherit","content_style":"wide","vertical_spacing_source":"custom","content_area_spacing":"none","background":{"background_type":"color","background_pattern":"type-1","background_image":{"attachment_id":null,"x":0,"y":0},"gradient":"linear-gradient(135deg,rgba(6,147,227,1) 0%,rgb(155,81,224) 100%)","background_repeat":"repeat","background_size":"auto","background_attachment":"scroll","patternColor":{"default":{"color":"#e5e7ea"}},"overlayColor":{"default":{"color":"CT_CSS_SKIP_RULE"}},"backgroundColor":{"default":{"color":"CT_CSS_SKIP_RULE"}}},"content_background":{"background_type":"color","background_pattern":"type-1","background_image":{"attachment_id":null,"x":0,"y":0},"gradient":"linear-gradient(135deg,rgba(6,147,227,1) 0%,rgb(155,81,224) 100%)","background_repeat":"repeat","background_size":"auto","background_attachment":"scroll","patternColor":{"default":{"color":"#e5e7ea"}},"overlayColor":{"default":{"color":"CT_CSS_SKIP_RULE"}},"backgroundColor":{"default":{"color":"var(--paletteColor8)"}}},"content_boxed_shadow":{"inherit":false,"blur":18,"spread":-6,"v_offset":12,"h_offset":0,"inset":false,"enable":true,"color":{"color":"rgba(34, 56, 101, 0.04)"}},"content_boxed_border":{"width":1,"style":"none","color":{"color":"rgba(44,62,80,0.2)"}},"content_boxed_radius":{"top":"3px","bottom":"3px","left":"3px","right":"3px","linked":true},"boxed_content_spacing":{"desktop":{"top":"40px","bottom":"40px","left":"40px","right":"40px","linked":true},"tablet":{"top":"35px","bottom":"35px","left":"35px","right":"35px","linked":true},"mobile":{"top":"20px","bottom":"20px","left":"20px","right":"20px","linked":true}},"89c5690a5759feff4305e208991a1347":"","disable_featured_image":"no","disable_share_box":"no","disable_header":"no","disable_footer":"no","styles_descriptor":{"styles":{"desktop":"","tablet":"","mobile":""},"google_fonts":[],"version":5}},"aioseo_notices":[],"_links":{"self":[{"href":"https:\/\/sermelhorcadadia.com.br\/index.php?rest_route=\/wp\/v2\/pages\/969"}],"collection":[{"href":"https:\/\/sermelhorcadadia.com.br\/index.php?rest_route=\/wp\/v2\/pages"}],"about":[{"href":"https:\/\/sermelhorcadadia.com.br\/index.php?rest_route=\/wp\/v2\/types\/page"}],"author":[{"embeddable":true,"href":"https:\/\/sermelhorcadadia.com.br\/index.php?rest_route=\/wp\/v2\/users\/1"}],"replies":[{"embeddable":true,"href":"https:\/\/sermelhorcadadia.com.br\/index.php?rest_route=%2Fwp%2Fv2%2Fcomments&post=969"}],"version-history":[{"count":7,"href":"https:\/\/sermelhorcadadia.com.br\/index.php?rest_route=\/wp\/v2\/pages\/969\/revisions"}],"predecessor-version":[{"id":1482,"href":"https:\/\/sermelhorcadadia.com.br\/index.php?rest_route=\/wp\/v2\/pages\/969\/revisions\/1482"}],"wp:attachment":[{"href":"https:\/\/sermelhorcadadia.com.br\/index.php?rest_route=%2Fwp%2Fv2%2Fmedia&parent=969"}],"curies":[{"name":"wp","href":"https:\/\/api.w.org\/{rel}","templated":true}]}}